{"id":1212,"date":"2023-08-30T21:37:54","date_gmt":"2023-08-30T20:37:54","guid":{"rendered":"https:\/\/appv.online.pt\/?page_id=1212"},"modified":"2023-11-09T16:09:26","modified_gmt":"2023-11-09T16:09:26","slug":"cartao-socio","status":"publish","type":"page","link":"https:\/\/appv.online.pt\/en\/cartao-socio\/","title":{"rendered":"Cart\u00e3o S\u00f3cio"},"content":{"rendered":"<div class=\"members-access-error\">N\u00e3o tem permiss\u00e3o para ver este conte\u00fado.<\/div>","protected":false},"excerpt":{"rendered":"<div class=\"members-access-error\">N\u00e3o tem permiss\u00e3o para ver este conte\u00fado.<\/div>","protected":false},"author":1,"featured_media":0,"parent":0,"menu_order":0,"comment_status":"closed","ping_status":"closed","template":"elementor_header_footer","meta":{"_monsterinsights_skip_tracking":false,"_monsterinsights_sitenote_active":false,"_monsterinsights_sitenote_note":"","_monsterinsights_sitenote_category":0},"blocksy_meta":"","acf":[],"aioseo_notices":[],"_links":{"self":[{"href":"https:\/\/appv.online.pt\/en\/wp-json\/wp\/v2\/pages\/1212"}],"collection":[{"href":"https:\/\/appv.online.pt\/en\/wp-json\/wp\/v2\/pages"}],"about":[{"href":"https:\/\/appv.online.pt\/en\/wp-json\/wp\/v2\/types\/page"}],"author":[{"embeddable":true,"href":"https:\/\/appv.online.pt\/en\/wp-json\/wp\/v2\/users\/1"}],"replies":[{"embeddable":true,"href":"https:\/\/appv.online.pt\/en\/wp-json\/wp\/v2\/comments?post=1212"}],"version-history":[{"count":22,"href":"https:\/\/appv.online.pt\/en\/wp-json\/wp\/v2\/pages\/1212\/revisions"}],"predecessor-version":[{"id":1533,"href":"https:\/\/appv.online.pt\/en\/wp-json\/wp\/v2\/pages\/1212\/revisions\/1533"}],"wp:attachment":[{"href":"https:\/\/appv.online.pt\/en\/wp-json\/wp\/v2\/media?parent=1212"}],"curies":[{"name":"wp","href":"https:\/\/api.w.org\/{rel}","templated":true}]}}