{"id":17,"date":"2023-06-07T16:54:53","date_gmt":"2023-06-07T16:54:53","guid":{"rendered":"https:\/\/appvillage.azurewebsites.net\/?page_id=17"},"modified":"2023-11-10T15:50:43","modified_gmt":"2023-11-10T15:50:43","slug":"parcerias","status":"publish","type":"page","link":"https:\/\/appv.online.pt\/en\/parcerias\/","title":{"rendered":"Partnerships"},"content":{"rendered":"<div data-elementor-type=\"wp-page\" data-elementor-id=\"17\" class=\"elementor elementor-17\" data-elementor-post-type=\"page\">\n\t\t\t\t<div class=\"elementor-element elementor-element-17dd5bca e-flex e-con-boxed e-con e-parent\" data-id=\"17dd5bca\" data-element_type=\"container\" data-settings=\"{&quot;background_background&quot;:&quot;gradient&quot;,&quot;shape_divider_bottom&quot;:&quot;mountains&quot;}\">\n\t\t\t\t\t<div class=\"e-con-inner\">\n\t\t\t\t<div class=\"elementor-shape elementor-shape-bottom\" data-negative=\"false\">\n\t\t\t<svg xmlns=\"http:\/\/www.w3.org\/2000\/svg\" viewbox=\"0 0 1000 100\" preserveaspectratio=\"none\">\n\t<path class=\"elementor-shape-fill\" opacity=\"0.33\" d=\"M473,67.3c-203.9,88.3-263.1-34-320.3,0C66,119.1,0,59.7,0,59.7V0h1000v59.7 c0,0-62.1,26.1-94.9,29.3c-32.8,3.3-62.8-12.3-75.8-22.1C806,49.6,745.3,8.7,694.9,4.7S492.4,59,473,67.3z\"\/>\n\t<path class=\"elementor-shape-fill\" opacity=\"0.66\" d=\"M734,67.3c-45.5,0-77.2-23.2-129.1-39.1c-28.6-8.7-150.3-10.1-254,39.1 s-91.7-34.4-149.2,0C115.7,118.3,0,39.8,0,39.8V0h1000v36.5c0,0-28.2-18.5-92.1-18.5C810.2,18.1,775.7,67.3,734,67.3z\"\/>\n\t<path class=\"elementor-shape-fill\" d=\"M766.1,28.9c-200-57.5-266,65.5-395.1,19.5C242,1.8,242,5.4,184.8,20.6C128,35.8,132.3,44.9,89.9,52.5C28.6,63.7,0,0,0,0 h1000c0,0-9.9,40.9-83.6,48.1S829.6,47,766.1,28.9z\"\/>\n<\/svg>\t\t<\/div>\n\t\t\t\t<div class=\"elementor-element elementor-element-2cfcba4 elementor-widget elementor-widget-heading\" data-id=\"2cfcba4\" data-element_type=\"widget\" data-widget_type=\"heading.default\">\n\t\t\t\t<div class=\"elementor-widget-container\">\n\t\t\t<style>\/*! elementor - v3.23.0 - 05-08-2024 *\/\n.elementor-heading-title{padding:0;margin:0;line-height:1}.elementor-widget-heading .elementor-heading-title[class*=elementor-size-]>a{color:inherit;font-size:inherit;line-height:inherit}.elementor-widget-heading .elementor-heading-title.elementor-size-small{font-size:15px}.elementor-widget-heading .elementor-heading-title.elementor-size-medium{font-size:19px}.elementor-widget-heading .elementor-heading-title.elementor-size-large{font-size:29px}.elementor-widget-heading .elementor-heading-title.elementor-size-xl{font-size:39px}.elementor-widget-heading .elementor-heading-title.elementor-size-xxl{font-size:59px}<\/style><h2 class=\"elementor-heading-title elementor-size-default\">Parcerias com a APPV<\/h2>\t\t<\/div>\n\t\t\t\t<\/div>\n\t\t\t\t\t<\/div>\n\t\t\t\t<\/div>\n\t\t<div class=\"elementor-element elementor-element-40a726e e-flex e-con-boxed e-con e-parent\" data-id=\"40a726e\" data-element_type=\"container\">\n\t\t\t\t\t<div class=\"e-con-inner\">\n\t\t\t\t<div class=\"elementor-element elementor-element-d04355d elementor-grid-eael-col-4 elementor-grid-tablet-eael-col-2 elementor-grid-mobile-eael-col-1 elementor-invisible elementor-widget elementor-widget-eael-post-grid\" data-id=\"d04355d\" data-element_type=\"widget\" data-settings=\"{&quot;_animation&quot;:&quot;zoomIn&quot;,&quot;eael_post_grid_columns&quot;:&quot;eael-col-4&quot;,&quot;eael_post_grid_columns_tablet&quot;:&quot;eael-col-2&quot;,&quot;eael_post_grid_columns_mobile&quot;:&quot;eael-col-1&quot;}\" data-widget_type=\"eael-post-grid.default\">\n\t\t\t\t<div class=\"elementor-widget-container\">\n\t\t\t<div id=\"eael-post-grid-d04355d\" class=\"eael-post-grid-container\">\n            <div class=\"eael-post-grid eael-post-appender eael-post-appender-d04355d eael-post-grid-style-two\" data-layout-mode=\"grid\"><article class=\"eael-grid-post  eael-post-grid-column eael-pg-post-1813 category-parcerias\" data-id=\"1813\">\n    <div class=\"eael-grid-post-holder\">\n        <div class=\"eael-grid-post-holder-inner\"><div class=\"eael-entry-media\"><ul class=\"post-carousel-categories\"><li><a href=\"https:\/\/appv.online.pt\/en\/category\/parcerias\/\">parcerias<\/a><\/li><\/ul><div class=\"eael-entry-overlay fade-in\"><i class=\"fas fa-long-arrow-alt-right\" aria-hidden=\"true\"><\/i><a href=\"https:\/\/appv.online.pt\/en\/2024\/04\/14\/appv-faz-parceria-com-s-i-m\/\"><\/a><\/div><div class=\"eael-entry-thumbnail\">\n                            <img loading=\"lazy\" decoding=\"async\" width=\"225\" height=\"225\" src=\"https:\/\/appv.online.pt\/wp-content\/uploads\/2024\/04\/SIM.jpeg\" class=\"attachment-large size-large wp-image-1814\" alt=\"\" srcset=\"https:\/\/appv.online.pt\/wp-content\/uploads\/2024\/04\/SIM.jpeg 225w, https:\/\/appv.online.pt\/wp-content\/uploads\/2024\/04\/SIM-150x150.jpeg 150w, https:\/\/appv.online.pt\/wp-content\/uploads\/2024\/04\/SIM-12x12.jpeg 12w\" sizes=\"(max-width: 225px) 100vw, 225px\" \/>\n                            <\/div>\n                    <\/div><div class=\"eael-entry-wrapper\"><header class=\"eael-entry-header\"><h2 class=\"eael-entry-title\"><a class=\"eael-grid-post-link\" href=\"https:\/\/appv.online.pt\/en\/2024\/04\/14\/appv-faz-parceria-com-s-i-m\/\" title=\"APPV faz parceria com S.I.M.\">APPV faz parceria<\/a><\/h2><\/header><div class=\"eael-entry-content\">\n                                <div class=\"eael-grid-post-excerpt\"><p>A APPV realizou uma parceria com a Sociedade de Instru\u00e7\u00e3o...<\/p><a href=\"https:\/\/appv.online.pt\/en\/2024\/04\/14\/appv-faz-parceria-com-s-i-m\/\" class=\"eael-post-elements-readmore-btn\">Read more<\/a><\/div>\n                            <\/div><div class=\"eael-entry-header-after style-two\"><div class=\"eael-entry-meta\"><span class=\"eael-meta-posted-on\"><i class=\"far fa-clock\"><\/i><time datetime=\"2024-04-14\">2024-04-14<\/time><\/span><ul class=\"post-meta-categories\"><li class=\"meta-cat-icon\"><i class=\"far fa-folder-open\"><\/i><\/li><li><a href=\"https:\/\/appv.online.pt\/en\/category\/parcerias\/\">parcerias <\/a><\/li><\/ul><\/div><\/div><\/div><\/div>\n    <\/div>\n<\/article><article class=\"eael-grid-post  eael-post-grid-column eael-pg-post-1582 category-parcerias\" data-id=\"1582\">\n    <div class=\"eael-grid-post-holder\">\n        <div class=\"eael-grid-post-holder-inner\"><div class=\"eael-entry-media\"><ul class=\"post-carousel-categories\"><li><a href=\"https:\/\/appv.online.pt\/en\/category\/parcerias\/\">parcerias<\/a><\/li><\/ul><div class=\"eael-entry-overlay fade-in\"><i class=\"fas fa-long-arrow-alt-right\" aria-hidden=\"true\"><\/i><a href=\"https:\/\/appv.online.pt\/en\/2023\/11\/28\/padel-quinta-do-anjo\/\"><\/a><\/div><div class=\"eael-entry-thumbnail\">\n                            <img loading=\"lazy\" decoding=\"async\" width=\"493\" height=\"330\" src=\"https:\/\/appv.online.pt\/wp-content\/uploads\/2023\/11\/Logo-Padel-Quinta-do-Anjo.png\" class=\"attachment-large size-large wp-image-1584\" alt=\"\" srcset=\"https:\/\/appv.online.pt\/wp-content\/uploads\/2023\/11\/Logo-Padel-Quinta-do-Anjo.png 493w, https:\/\/appv.online.pt\/wp-content\/uploads\/2023\/11\/Logo-Padel-Quinta-do-Anjo-300x201.png 300w, https:\/\/appv.online.pt\/wp-content\/uploads\/2023\/11\/Logo-Padel-Quinta-do-Anjo-18x12.png 18w\" sizes=\"(max-width: 493px) 100vw, 493px\" \/>\n                            <\/div>\n                    <\/div><div class=\"eael-entry-wrapper\"><header class=\"eael-entry-header\"><h2 class=\"eael-entry-title\"><a class=\"eael-grid-post-link\" href=\"https:\/\/appv.online.pt\/en\/2023\/11\/28\/padel-quinta-do-anjo\/\" title=\"Padel Quinta Anjo\">Padel Quinta Anjo<\/a><\/h2><\/header><div class=\"eael-entry-content\">\n                                <div class=\"eael-grid-post-excerpt\"><p>Desconto de 10% no aluguer de campos<\/p><a href=\"https:\/\/appv.online.pt\/en\/2023\/11\/28\/padel-quinta-do-anjo\/\" class=\"eael-post-elements-readmore-btn\">Read more<\/a><\/div>\n                            <\/div><div class=\"eael-entry-header-after style-two\"><div class=\"eael-entry-meta\"><span class=\"eael-meta-posted-on\"><i class=\"far fa-clock\"><\/i><time datetime=\"2023-11-28\">2023-11-28<\/time><\/span><ul class=\"post-meta-categories\"><li class=\"meta-cat-icon\"><i class=\"far fa-folder-open\"><\/i><\/li><li><a href=\"https:\/\/appv.online.pt\/en\/category\/parcerias\/\">parcerias <\/a><\/li><\/ul><\/div><\/div><\/div><\/div>\n    <\/div>\n<\/article><article class=\"eael-grid-post  eael-post-grid-column eael-pg-post-1548 category-parcerias\" data-id=\"1548\">\n    <div class=\"eael-grid-post-holder\">\n        <div class=\"eael-grid-post-holder-inner\"><div class=\"eael-entry-media\"><ul class=\"post-carousel-categories\"><li><a href=\"https:\/\/appv.online.pt\/en\/category\/parcerias\/\">parcerias<\/a><\/li><\/ul><div class=\"eael-entry-overlay fade-in\"><i class=\"fas fa-long-arrow-alt-right\" aria-hidden=\"true\"><\/i><a href=\"https:\/\/appv.online.pt\/en\/2023\/11\/10\/restaurante-chapa3\/\"><\/a><\/div><div class=\"eael-entry-thumbnail\">\n                            <img loading=\"lazy\" decoding=\"async\" width=\"623\" height=\"416\" src=\"https:\/\/appv.online.pt\/wp-content\/uploads\/2023\/11\/chapa3.jpg\" class=\"attachment-large size-large wp-image-1564\" alt=\"\" srcset=\"https:\/\/appv.online.pt\/wp-content\/uploads\/2023\/11\/chapa3.jpg 623w, https:\/\/appv.online.pt\/wp-content\/uploads\/2023\/11\/chapa3-300x200.jpg 300w, https:\/\/appv.online.pt\/wp-content\/uploads\/2023\/11\/chapa3-18x12.jpg 18w\" sizes=\"(max-width: 623px) 100vw, 623px\" \/>\n                            <\/div>\n                    <\/div><div class=\"eael-entry-wrapper\"><header class=\"eael-entry-header\"><h2 class=\"eael-entry-title\"><a class=\"eael-grid-post-link\" href=\"https:\/\/appv.online.pt\/en\/2023\/11\/10\/restaurante-chapa3\/\" title=\"Restaurante Chapa3\">Restaurante Chapa3<\/a><\/h2><\/header><div class=\"eael-entry-content\">\n                                <div class=\"eael-grid-post-excerpt\"><p>Desconto de 10% na sua conta<\/p><a href=\"https:\/\/appv.online.pt\/en\/2023\/11\/10\/restaurante-chapa3\/\" class=\"eael-post-elements-readmore-btn\">Read more<\/a><\/div>\n                            <\/div><div class=\"eael-entry-header-after style-two\"><div class=\"eael-entry-meta\"><span class=\"eael-meta-posted-on\"><i class=\"far fa-clock\"><\/i><time datetime=\"2023-11-10\">2023-11-10<\/time><\/span><ul class=\"post-meta-categories\"><li class=\"meta-cat-icon\"><i class=\"far fa-folder-open\"><\/i><\/li><li><a href=\"https:\/\/appv.online.pt\/en\/category\/parcerias\/\">parcerias <\/a><\/li><\/ul><\/div><\/div><\/div><\/div>\n    <\/div>\n<\/article><article class=\"eael-grid-post  eael-post-grid-column eael-pg-post-1527 category-parcerias\" data-id=\"1527\">\n    <div class=\"eael-grid-post-holder\">\n        <div class=\"eael-grid-post-holder-inner\"><div class=\"eael-entry-media\"><ul class=\"post-carousel-categories\"><li><a href=\"https:\/\/appv.online.pt\/en\/category\/parcerias\/\">parcerias<\/a><\/li><\/ul><div class=\"eael-entry-overlay fade-in\"><i class=\"fas fa-long-arrow-alt-right\" aria-hidden=\"true\"><\/i><a href=\"https:\/\/appv.online.pt\/en\/2023\/11\/10\/lagus-campo-e-aventura\/\"><\/a><\/div><div class=\"eael-entry-thumbnail\">\n                            <img loading=\"lazy\" decoding=\"async\" width=\"291\" height=\"173\" src=\"https:\/\/appv.online.pt\/wp-content\/uploads\/2023\/11\/images-1.jpeg\" class=\"attachment-large size-large wp-image-1558\" alt=\"\" srcset=\"https:\/\/appv.online.pt\/wp-content\/uploads\/2023\/11\/images-1.jpeg 291w, https:\/\/appv.online.pt\/wp-content\/uploads\/2023\/11\/images-1-18x12.jpeg 18w\" sizes=\"(max-width: 291px) 100vw, 291px\" \/>\n                            <\/div>\n                    <\/div><div class=\"eael-entry-wrapper\"><header class=\"eael-entry-header\"><h2 class=\"eael-entry-title\"><a class=\"eael-grid-post-link\" href=\"https:\/\/appv.online.pt\/en\/2023\/11\/10\/lagus-campo-e-aventura\/\" title=\"LAGUS\">LAGUS<\/a><\/h2><\/header><div class=\"eael-entry-content\">\n                                <div class=\"eael-grid-post-excerpt\"><p>Desconto 10% festas Anivers\u00e1rio crian\u00e7as at\u00e9 15 anos<\/p><a href=\"https:\/\/appv.online.pt\/en\/2023\/11\/10\/lagus-campo-e-aventura\/\" class=\"eael-post-elements-readmore-btn\">Read more<\/a><\/div>\n                            <\/div><div class=\"eael-entry-header-after style-two\"><div class=\"eael-entry-meta\"><span class=\"eael-meta-posted-on\"><i class=\"far fa-clock\"><\/i><time datetime=\"2023-11-10\">2023-11-10<\/time><\/span><ul class=\"post-meta-categories\"><li class=\"meta-cat-icon\"><i class=\"far fa-folder-open\"><\/i><\/li><li><a href=\"https:\/\/appv.online.pt\/en\/category\/parcerias\/\">parcerias <\/a><\/li><\/ul><\/div><\/div><\/div><\/div>\n    <\/div>\n<\/article><\/div>\n            <div class=\"clearfix\"><\/div>\n        <\/div>            <div class=\"eael-load-more-button-wrap\">\n                <button class=\"eael-load-more-button\" id=\"eael-load-more-btn-d04355d\" data-widget-id=\"d04355d\" data-widget=\"d04355d\" data-page-id=\"17\" data-template=\"{&quot;dir&quot;:&quot;lite&quot;,&quot;file_name&quot;:&quot;two.php&quot;,&quot;name&quot;:&quot;Post-Grid&quot;}\" data-class=\"Essential_Addons_Elementor\\Elements\\Post_Grid\" data-layout=\"grid\" data-page=\"1\" data-args=\"orderby=date&amp;order=desc&amp;ignore_sticky_posts=1&amp;post_status=publish&amp;posts_per_page=4&amp;offset=0&amp;post_type=post&amp;tax_query%5B0%5D%5Btaxonomy%5D=category&amp;tax_query%5B0%5D%5Bfield%5D=term_id&amp;tax_query%5B0%5D%5Bterms%5D%5B0%5D=17&amp;tax_query%5Brelation%5D=AND\" data-max-page=\"2\">\n                    <span class=\"eael-btn-loader button__loader\"><\/span>\n                    <span class=\"eael_load_more_text\">View more<\/span>\n                <\/button>\n            <\/div>\n            \t\t<\/div>\n\t\t\t\t<\/div>\n\t\t\t\t\t<\/div>\n\t\t\t\t<\/div>\n\t\t\t\t<\/div>","protected":false},"excerpt":{"rendered":"<p>Parcerias com a APPV parcerias Restaurante Chapa3 A APPV estabeleceu um Protocolo com\u00a0 Restaurante\u00a0 Chapa3\u00a0 que vai&#8230; Ler mais 2023-11-10 parcerias parcerias LAGUS Campo e A APPV estabeleceu um Protocolo com a LAGUS Campo e&#8230; Ler mais 2023-11-10 parcerias parcerias Parceria com Advogados Agora os s\u00f3cios da APPV poder\u00e3o ter apoio jur\u00eddico especializado. Ler mais 2023-10-13 parcerias<\/p>","protected":false},"author":1,"featured_media":0,"parent":0,"menu_order":0,"comment_status":"closed","ping_status":"closed","template":"elementor_header_footer","meta":{"_monsterinsights_skip_tracking":false,"_monsterinsights_sitenote_active":false,"_monsterinsights_sitenote_note":"","_monsterinsights_sitenote_category":0},"blocksy_meta":"","acf":[],"aioseo_notices":[],"_links":{"self":[{"href":"https:\/\/appv.online.pt\/en\/wp-json\/wp\/v2\/pages\/17"}],"collection":[{"href":"https:\/\/appv.online.pt\/en\/wp-json\/wp\/v2\/pages"}],"about":[{"href":"https:\/\/appv.online.pt\/en\/wp-json\/wp\/v2\/types\/page"}],"author":[{"embeddable":true,"href":"https:\/\/appv.online.pt\/en\/wp-json\/wp\/v2\/users\/1"}],"replies":[{"embeddable":true,"href":"https:\/\/appv.online.pt\/en\/wp-json\/wp\/v2\/comments?post=17"}],"version-history":[{"count":34,"href":"https:\/\/appv.online.pt\/en\/wp-json\/wp\/v2\/pages\/17\/revisions"}],"predecessor-version":[{"id":1556,"href":"https:\/\/appv.online.pt\/en\/wp-json\/wp\/v2\/pages\/17\/revisions\/1556"}],"wp:attachment":[{"href":"https:\/\/appv.online.pt\/en\/wp-json\/wp\/v2\/media?parent=17"}],"curies":[{"name":"wp","href":"https:\/\/api.w.org\/{rel}","templated":true}]}}