{"id":381,"date":"2023-06-10T07:22:58","date_gmt":"2023-06-10T07:22:58","guid":{"rendered":"https:\/\/appvillage.azurewebsites.net\/?page_id=381"},"modified":"2023-08-05T17:17:30","modified_gmt":"2023-08-05T16:17:30","slug":"cookie-policy","status":"publish","type":"page","link":"https:\/\/appv.online.pt\/en\/cookie-policy\/","title":{"rendered":"Cookie Policy"},"content":{"rendered":"<div data-elementor-type=\"wp-page\" data-elementor-id=\"381\" class=\"elementor elementor-381\" data-elementor-post-type=\"page\">\n\t\t\t\t<div class=\"elementor-element elementor-element-e3325dd e-flex e-con-boxed e-con e-parent\" data-id=\"e3325dd\" data-element_type=\"container\" data-settings=\"{&quot;background_background&quot;:&quot;gradient&quot;,&quot;shape_divider_bottom&quot;:&quot;mountains&quot;}\">\n\t\t\t\t\t<div class=\"e-con-inner\">\n\t\t\t\t<div class=\"elementor-shape elementor-shape-bottom\" data-negative=\"false\">\n\t\t\t<svg xmlns=\"http:\/\/www.w3.org\/2000\/svg\" viewbox=\"0 0 1000 100\" preserveaspectratio=\"none\">\n\t<path class=\"elementor-shape-fill\" opacity=\"0.33\" d=\"M473,67.3c-203.9,88.3-263.1-34-320.3,0C66,119.1,0,59.7,0,59.7V0h1000v59.7 c0,0-62.1,26.1-94.9,29.3c-32.8,3.3-62.8-12.3-75.8-22.1C806,49.6,745.3,8.7,694.9,4.7S492.4,59,473,67.3z\"\/>\n\t<path class=\"elementor-shape-fill\" opacity=\"0.66\" d=\"M734,67.3c-45.5,0-77.2-23.2-129.1-39.1c-28.6-8.7-150.3-10.1-254,39.1 s-91.7-34.4-149.2,0C115.7,118.3,0,39.8,0,39.8V0h1000v36.5c0,0-28.2-18.5-92.1-18.5C810.2,18.1,775.7,67.3,734,67.3z\"\/>\n\t<path class=\"elementor-shape-fill\" d=\"M766.1,28.9c-200-57.5-266,65.5-395.1,19.5C242,1.8,242,5.4,184.8,20.6C128,35.8,132.3,44.9,89.9,52.5C28.6,63.7,0,0,0,0 h1000c0,0-9.9,40.9-83.6,48.1S829.6,47,766.1,28.9z\"\/>\n<\/svg>\t\t<\/div>\n\t\t\t\t\t<\/div>\n\t\t\t\t<\/div>\n\t\t<div class=\"elementor-element elementor-element-8e60b34 e-flex e-con-boxed e-con e-parent\" data-id=\"8e60b34\" data-element_type=\"container\">\n\t\t\t\t\t<div class=\"e-con-inner\">\n\t\t\t\t<div class=\"elementor-element elementor-element-4199905 elementor-widget elementor-widget-heading\" data-id=\"4199905\" data-element_type=\"widget\" data-widget_type=\"heading.default\">\n\t\t\t\t<div class=\"elementor-widget-container\">\n\t\t\t<style>\/*! elementor - v3.23.0 - 05-08-2024 *\/\n.elementor-heading-title{padding:0;margin:0;line-height:1}.elementor-widget-heading .elementor-heading-title[class*=elementor-size-]>a{color:inherit;font-size:inherit;line-height:inherit}.elementor-widget-heading .elementor-heading-title.elementor-size-small{font-size:15px}.elementor-widget-heading .elementor-heading-title.elementor-size-medium{font-size:19px}.elementor-widget-heading .elementor-heading-title.elementor-size-large{font-size:29px}.elementor-widget-heading .elementor-heading-title.elementor-size-xl{font-size:39px}.elementor-widget-heading .elementor-heading-title.elementor-size-xxl{font-size:59px}<\/style><h2 class=\"elementor-heading-title elementor-size-default\">Cookie Policy<\/h2>\t\t<\/div>\n\t\t\t\t<\/div>\n\t\t\t\t<div class=\"elementor-element elementor-element-e5c6312 elementor-widget elementor-widget-text-editor\" data-id=\"e5c6312\" data-element_type=\"widget\" data-widget_type=\"text-editor.default\">\n\t\t\t\t<div class=\"elementor-widget-container\">\n\t\t\t<style>\/*! elementor - v3.23.0 - 05-08-2024 *\/\n.elementor-widget-text-editor.elementor-drop-cap-view-stacked .elementor-drop-cap{background-color:#69727d;color:#fff}.elementor-widget-text-editor.elementor-drop-cap-view-framed .elementor-drop-cap{color:#69727d;border:3px solid;background-color:transparent}.elementor-widget-text-editor:not(.elementor-drop-cap-view-default) .elementor-drop-cap{margin-top:8px}.elementor-widget-text-editor:not(.elementor-drop-cap-view-default) .elementor-drop-cap-letter{width:1em;height:1em}.elementor-widget-text-editor .elementor-drop-cap{float:left;text-align:center;line-height:1;font-size:50px}.elementor-widget-text-editor .elementor-drop-cap-letter{display:inline-block}<\/style>\t\t\t\t<p><span style=\"color: #808080;\">We are committed to providing you with the best possible browsing experience on our website. For this, we use cookies. Cookies are plain text files that are stored on your device when you access certain web pages. These cookies help us to recognize your device and provide you with personalized experiences, store your user preferences and monitor your website usage patterns.<\/span><\/p><p><span style=\"color: #808080;\">There are two types of cookies \u2013 session cookies and persistent cookies. Session cookies are deleted when you close your browser, while persistent cookies remain on your device even after you close your browser.<\/span><\/p><p><span style=\"color: #808080;\">We also use third-party cookies provided by analytics services such as Google Analytics to compile anonymous information about website usage, create usage reports and display relevant advertisements based on your interests.<\/span><\/p><p><span style=\"color: #808080;\">By using this website, you agree to the use of cookies in accordance with this policy. If you wish to disable cookies, you can do so by changing your browser settings. However, this may affect the functionality of the website and your user experience.<\/span><\/p>\t\t\t\t\t\t<\/div>\n\t\t\t\t<\/div>\n\t\t\t\t\t<\/div>\n\t\t\t\t<\/div>\n\t\t\t\t<\/div>","protected":false},"excerpt":{"rendered":"<p>Pol\u00edtica de Cookies Estamos empenhados em lhe fornecer a melhor experi\u00eancia possivel de navega\u00e7\u00e3o no nosso site. Para tal, utilizamos cookies. Os cookies s\u00e3o ficheiros de texto simples que s\u00e3o armazenados no seu dispositivo quando acede a determinadas p\u00e1ginas da web. Estes cookies ajudam-nos a reconhecer o seu dispositivo e proporcionar-lhe experi\u00eancias personalizadas, armazenar as suas prefer\u00eancias de utilizador e monitorizar os seus padr\u00f5es de utiliza\u00e7\u00e3o do website. Existem dois tipos de cookies &#8211; cookies de sess\u00e3o e cookies persistentes. Os cookies de sess\u00e3o s\u00e3o eliminados quando fecha o navegador, enquanto os cookies persistentes permanecem no seu dispositivo mesmo ap\u00f3s\u2026<\/p>","protected":false},"author":1,"featured_media":0,"parent":0,"menu_order":0,"comment_status":"closed","ping_status":"closed","template":"elementor_header_footer","meta":{"_monsterinsights_skip_tracking":false,"_monsterinsights_sitenote_active":false,"_monsterinsights_sitenote_note":"","_monsterinsights_sitenote_category":0},"blocksy_meta":"","acf":[],"aioseo_notices":[],"_links":{"self":[{"href":"https:\/\/appv.online.pt\/en\/wp-json\/wp\/v2\/pages\/381"}],"collection":[{"href":"https:\/\/appv.online.pt\/en\/wp-json\/wp\/v2\/pages"}],"about":[{"href":"https:\/\/appv.online.pt\/en\/wp-json\/wp\/v2\/types\/page"}],"author":[{"embeddable":true,"href":"https:\/\/appv.online.pt\/en\/wp-json\/wp\/v2\/users\/1"}],"replies":[{"embeddable":true,"href":"https:\/\/appv.online.pt\/en\/wp-json\/wp\/v2\/comments?post=381"}],"version-history":[{"count":10,"href":"https:\/\/appv.online.pt\/en\/wp-json\/wp\/v2\/pages\/381\/revisions"}],"predecessor-version":[{"id":946,"href":"https:\/\/appv.online.pt\/en\/wp-json\/wp\/v2\/pages\/381\/revisions\/946"}],"wp:attachment":[{"href":"https:\/\/appv.online.pt\/en\/wp-json\/wp\/v2\/media?parent=381"}],"curies":[{"name":"wp","href":"https:\/\/api.w.org\/{rel}","templated":true}]}}