{"id":382,"date":"2023-06-10T07:22:58","date_gmt":"2023-06-10T07:22:58","guid":{"rendered":"https:\/\/appvillage.azurewebsites.net\/?page_id=382"},"modified":"2023-08-09T10:35:32","modified_gmt":"2023-08-09T09:35:32","slug":"rgpd","status":"publish","type":"page","link":"https:\/\/appv.online.pt\/en\/rgpd\/","title":{"rendered":"GDPR"},"content":{"rendered":"<div data-elementor-type=\"wp-page\" data-elementor-id=\"382\" class=\"elementor elementor-382\" data-elementor-post-type=\"page\">\n\t\t\t\t<div class=\"elementor-element elementor-element-7047215 e-flex e-con-boxed e-con e-parent\" data-id=\"7047215\" data-element_type=\"container\" data-settings=\"{&quot;background_background&quot;:&quot;gradient&quot;,&quot;shape_divider_bottom&quot;:&quot;mountains&quot;}\">\n\t\t\t\t\t<div class=\"e-con-inner\">\n\t\t\t\t<div class=\"elementor-shape elementor-shape-bottom\" data-negative=\"false\">\n\t\t\t<svg xmlns=\"http:\/\/www.w3.org\/2000\/svg\" viewbox=\"0 0 1000 100\" preserveaspectratio=\"none\">\n\t<path class=\"elementor-shape-fill\" opacity=\"0.33\" d=\"M473,67.3c-203.9,88.3-263.1-34-320.3,0C66,119.1,0,59.7,0,59.7V0h1000v59.7 c0,0-62.1,26.1-94.9,29.3c-32.8,3.3-62.8-12.3-75.8-22.1C806,49.6,745.3,8.7,694.9,4.7S492.4,59,473,67.3z\"\/>\n\t<path class=\"elementor-shape-fill\" opacity=\"0.66\" d=\"M734,67.3c-45.5,0-77.2-23.2-129.1-39.1c-28.6-8.7-150.3-10.1-254,39.1 s-91.7-34.4-149.2,0C115.7,118.3,0,39.8,0,39.8V0h1000v36.5c0,0-28.2-18.5-92.1-18.5C810.2,18.1,775.7,67.3,734,67.3z\"\/>\n\t<path class=\"elementor-shape-fill\" d=\"M766.1,28.9c-200-57.5-266,65.5-395.1,19.5C242,1.8,242,5.4,184.8,20.6C128,35.8,132.3,44.9,89.9,52.5C28.6,63.7,0,0,0,0 h1000c0,0-9.9,40.9-83.6,48.1S829.6,47,766.1,28.9z\"\/>\n<\/svg>\t\t<\/div>\n\t\t\t\t\t<\/div>\n\t\t\t\t<\/div>\n\t\t<div class=\"elementor-element elementor-element-91a3112 e-flex e-con-boxed e-con e-parent\" data-id=\"91a3112\" data-element_type=\"container\">\n\t\t\t\t\t<div class=\"e-con-inner\">\n\t\t\t\t<div class=\"elementor-element elementor-element-bd3a30b elementor-widget elementor-widget-heading\" data-id=\"bd3a30b\" data-element_type=\"widget\" data-widget_type=\"heading.default\">\n\t\t\t\t<div class=\"elementor-widget-container\">\n\t\t\t<style>\/*! elementor - v3.23.0 - 05-08-2024 *\/\n.elementor-heading-title{padding:0;margin:0;line-height:1}.elementor-widget-heading .elementor-heading-title[class*=elementor-size-]>a{color:inherit;font-size:inherit;line-height:inherit}.elementor-widget-heading .elementor-heading-title.elementor-size-small{font-size:15px}.elementor-widget-heading .elementor-heading-title.elementor-size-medium{font-size:19px}.elementor-widget-heading .elementor-heading-title.elementor-size-large{font-size:29px}.elementor-widget-heading .elementor-heading-title.elementor-size-xl{font-size:39px}.elementor-widget-heading .elementor-heading-title.elementor-size-xxl{font-size:59px}<\/style><h2 class=\"elementor-heading-title elementor-size-default\">GDPR<\/h2>\t\t<\/div>\n\t\t\t\t<\/div>\n\t\t\t\t\t<\/div>\n\t\t\t\t<\/div>\n\t\t<div class=\"elementor-element elementor-element-deba31e e-flex e-con-boxed e-con e-parent\" data-id=\"deba31e\" data-element_type=\"container\">\n\t\t\t\t\t<div class=\"e-con-inner\">\n\t\t\t\t<div class=\"elementor-element elementor-element-ffc41d4 elementor-widget elementor-widget-text-editor\" data-id=\"ffc41d4\" data-element_type=\"widget\" data-widget_type=\"text-editor.default\">\n\t\t\t\t<div class=\"elementor-widget-container\">\n\t\t\t<style>\/*! elementor - v3.23.0 - 05-08-2024 *\/\n.elementor-widget-text-editor.elementor-drop-cap-view-stacked .elementor-drop-cap{background-color:#69727d;color:#fff}.elementor-widget-text-editor.elementor-drop-cap-view-framed .elementor-drop-cap{color:#69727d;border:3px solid;background-color:transparent}.elementor-widget-text-editor:not(.elementor-drop-cap-view-default) .elementor-drop-cap{margin-top:8px}.elementor-widget-text-editor:not(.elementor-drop-cap-view-default) .elementor-drop-cap-letter{width:1em;height:1em}.elementor-widget-text-editor .elementor-drop-cap{float:left;text-align:center;line-height:1;font-size:50px}.elementor-widget-text-editor .elementor-drop-cap-letter{display:inline-block}<\/style>\t\t\t\t<p>The General Data Protection Regulation (GDPR) is a set of rules that establish the rules for the protection of personal data of users in the European Union, including Portugal. Companies that have websites, universities, institutions or any other organization that handles personal data of users, including through the internet, need to comply with the obligations of the RGPD.<\/p><p>To begin with, it is necessary to have the user&#039;s consent to collect their data. It is also necessary to inform the user about what data is being stored and what it will be used for. It is also necessary to allow users to access, correct or delete their personal data. Organizations need to ensure the security of the data obtained and notify the competent authorities in case of any breach of this data.\u00a0<\/p>\t\t\t\t\t\t<\/div>\n\t\t\t\t<\/div>\n\t\t\t\t\t<\/div>\n\t\t\t\t<\/div>\n\t\t\t\t<\/div>","protected":false},"excerpt":{"rendered":"<p>RGPD O Regulamento Geral de Prote\u00e7\u00e3o de Dados (RGPD) \u00e9 um conjunto de normas que estabelecem as regras de prote\u00e7\u00e3o aos dados pessoais dos utilizadores da Uni\u00e3o Europeia, incluindo Portugal. As empresas que possuem websites, universidades, institui\u00e7\u00f5es ou qualquer outra organiza\u00e7\u00e3o que lida com dados pessoais de utilizadores, inclusive por meio da internet, necessita cumprir com as obriga\u00e7\u00f5es do RGPD. Para come\u00e7ar, \u00e9 necess\u00e1rio ter consentimento do utilizador para coletar seus dados. \u00c9 preciso tamb\u00e9m informar o utilizador sobre quais dados est\u00e3o sendo guardados e para que ser\u00e3o utilizados. \u00c9 tamb\u00e9m necess\u00e1rio permitir que os utilizadores possam aceder, corrigir ou\u2026<\/p>","protected":false},"author":1,"featured_media":0,"parent":0,"menu_order":0,"comment_status":"closed","ping_status":"closed","template":"elementor_header_footer","meta":{"_monsterinsights_skip_tracking":false,"_monsterinsights_sitenote_active":false,"_monsterinsights_sitenote_note":"","_monsterinsights_sitenote_category":0},"blocksy_meta":"","acf":[],"aioseo_notices":[],"_links":{"self":[{"href":"https:\/\/appv.online.pt\/en\/wp-json\/wp\/v2\/pages\/382"}],"collection":[{"href":"https:\/\/appv.online.pt\/en\/wp-json\/wp\/v2\/pages"}],"about":[{"href":"https:\/\/appv.online.pt\/en\/wp-json\/wp\/v2\/types\/page"}],"author":[{"embeddable":true,"href":"https:\/\/appv.online.pt\/en\/wp-json\/wp\/v2\/users\/1"}],"replies":[{"embeddable":true,"href":"https:\/\/appv.online.pt\/en\/wp-json\/wp\/v2\/comments?post=382"}],"version-history":[{"count":17,"href":"https:\/\/appv.online.pt\/en\/wp-json\/wp\/v2\/pages\/382\/revisions"}],"predecessor-version":[{"id":1125,"href":"https:\/\/appv.online.pt\/en\/wp-json\/wp\/v2\/pages\/382\/revisions\/1125"}],"wp:attachment":[{"href":"https:\/\/appv.online.pt\/en\/wp-json\/wp\/v2\/media?parent=382"}],"curies":[{"name":"wp","href":"https:\/\/api.w.org\/{rel}","templated":true}]}}