{"id":390,"date":"2023-06-10T07:25:12","date_gmt":"2023-06-10T07:25:12","guid":{"rendered":"https:\/\/appvillage.azurewebsites.net\/?page_id=390"},"modified":"2023-08-09T10:31:15","modified_gmt":"2023-08-09T09:31:15","slug":"terms-conditions","status":"publish","type":"page","link":"https:\/\/appv.online.pt\/en\/terms-conditions\/","title":{"rendered":"Terms &#038; Conditions"},"content":{"rendered":"<div data-elementor-type=\"wp-page\" data-elementor-id=\"390\" class=\"elementor elementor-390\" data-elementor-post-type=\"page\">\n\t\t\t\t<div class=\"elementor-element elementor-element-66a20d6 e-flex e-con-boxed e-con e-parent\" data-id=\"66a20d6\" data-element_type=\"container\" data-settings=\"{&quot;background_background&quot;:&quot;gradient&quot;,&quot;shape_divider_bottom&quot;:&quot;mountains&quot;}\">\n\t\t\t\t\t<div class=\"e-con-inner\">\n\t\t\t\t<div class=\"elementor-shape elementor-shape-bottom\" data-negative=\"false\">\n\t\t\t<svg xmlns=\"http:\/\/www.w3.org\/2000\/svg\" viewbox=\"0 0 1000 100\" preserveaspectratio=\"none\">\n\t<path class=\"elementor-shape-fill\" opacity=\"0.33\" d=\"M473,67.3c-203.9,88.3-263.1-34-320.3,0C66,119.1,0,59.7,0,59.7V0h1000v59.7 c0,0-62.1,26.1-94.9,29.3c-32.8,3.3-62.8-12.3-75.8-22.1C806,49.6,745.3,8.7,694.9,4.7S492.4,59,473,67.3z\"\/>\n\t<path class=\"elementor-shape-fill\" opacity=\"0.66\" d=\"M734,67.3c-45.5,0-77.2-23.2-129.1-39.1c-28.6-8.7-150.3-10.1-254,39.1 s-91.7-34.4-149.2,0C115.7,118.3,0,39.8,0,39.8V0h1000v36.5c0,0-28.2-18.5-92.1-18.5C810.2,18.1,775.7,67.3,734,67.3z\"\/>\n\t<path class=\"elementor-shape-fill\" d=\"M766.1,28.9c-200-57.5-266,65.5-395.1,19.5C242,1.8,242,5.4,184.8,20.6C128,35.8,132.3,44.9,89.9,52.5C28.6,63.7,0,0,0,0 h1000c0,0-9.9,40.9-83.6,48.1S829.6,47,766.1,28.9z\"\/>\n<\/svg>\t\t<\/div>\n\t\t\t\t\t<\/div>\n\t\t\t\t<\/div>\n\t\t<div class=\"elementor-element elementor-element-1f61097 e-flex e-con-boxed e-con e-parent\" data-id=\"1f61097\" data-element_type=\"container\">\n\t\t\t\t\t<div class=\"e-con-inner\">\n\t\t\t\t<div class=\"elementor-element elementor-element-bd31cc6 elementor-widget elementor-widget-heading\" data-id=\"bd31cc6\" data-element_type=\"widget\" data-widget_type=\"heading.default\">\n\t\t\t\t<div class=\"elementor-widget-container\">\n\t\t\t<style>\/*! elementor - v3.23.0 - 05-08-2024 *\/\n.elementor-heading-title{padding:0;margin:0;line-height:1}.elementor-widget-heading .elementor-heading-title[class*=elementor-size-]>a{color:inherit;font-size:inherit;line-height:inherit}.elementor-widget-heading .elementor-heading-title.elementor-size-small{font-size:15px}.elementor-widget-heading .elementor-heading-title.elementor-size-medium{font-size:19px}.elementor-widget-heading .elementor-heading-title.elementor-size-large{font-size:29px}.elementor-widget-heading .elementor-heading-title.elementor-size-xl{font-size:39px}.elementor-widget-heading .elementor-heading-title.elementor-size-xxl{font-size:59px}<\/style><h2 class=\"elementor-heading-title elementor-size-default\">Terms and conditions<\/h2>\t\t<\/div>\n\t\t\t\t<\/div>\n\t\t\t\t<div class=\"elementor-element elementor-element-27032d4 elementor-widget elementor-widget-text-editor\" data-id=\"27032d4\" data-element_type=\"widget\" data-widget_type=\"text-editor.default\">\n\t\t\t\t<div class=\"elementor-widget-container\">\n\t\t\t<style>\/*! elementor - v3.23.0 - 05-08-2024 *\/\n.elementor-widget-text-editor.elementor-drop-cap-view-stacked .elementor-drop-cap{background-color:#69727d;color:#fff}.elementor-widget-text-editor.elementor-drop-cap-view-framed .elementor-drop-cap{color:#69727d;border:3px solid;background-color:transparent}.elementor-widget-text-editor:not(.elementor-drop-cap-view-default) .elementor-drop-cap{margin-top:8px}.elementor-widget-text-editor:not(.elementor-drop-cap-view-default) .elementor-drop-cap-letter{width:1em;height:1em}.elementor-widget-text-editor .elementor-drop-cap{float:left;text-align:center;line-height:1;font-size:50px}.elementor-widget-text-editor .elementor-drop-cap-letter{display:inline-block}<\/style>\t\t\t\t<p><span style=\"color: #808080;\">Ao utilizar o nosso site, est\u00e1 a concordar com os nossos termos e condi\u00e7\u00f5es que est\u00e3o detalhados abaixo.<\/span><\/p><p><span style=\"color: #808080;\">Queremos apenas lembr\u00e1-lo que o uso do site \u00e9 por sua conta e risco.<\/span><\/p><p><span style=\"color: #808080;\">No entanto, estamos aqui para ajudar caso surjam problemas.<\/span><\/p><p><span style=\"color: #808080;\">Pedimos, por favor, que respeite os nossos direitos de autor e propriedade intelectual e que n\u00e3o pratique atividades ilegais no nosso site.<\/span><\/p><p><span style=\"color: #808080;\">Por \u00faltimo, todo o conte\u00fado incr\u00edvel que ir\u00e1 encontrar no site \u00e9 de nossa propriedade e n\u00e3o pode ser reproduzido nem distribu\u00eddo sem a nossa permiss\u00e3o.<\/span><\/p><p><span style=\"color: #808080;\">Estamos sempre \u00e0 procura de maneiras de melhorar o nosso site, por isso por favor n\u00e3o fique surpreendido se fizermos altera\u00e7\u00f5es a estes termos e condi\u00e7\u00f5es.<\/span><\/p><p><span style=\"color: #808080;\">Obrigado por ser um membro valioso da nossa comunidade!<\/span><\/p>\t\t\t\t\t\t<\/div>\n\t\t\t\t<\/div>\n\t\t\t\t\t<\/div>\n\t\t\t\t<\/div>\n\t\t\t\t<\/div>","protected":false},"excerpt":{"rendered":"<p>Termos e Condi\u00e7\u00f5es Ao utilizar o nosso site, est\u00e1 a concordar com os nossos termos e condi\u00e7\u00f5es que est\u00e3o detalhados abaixo. Queremos apenas lembr\u00e1-lo que o uso do site \u00e9 por sua conta e risco. No entanto, estamos aqui para ajudar caso surjam problemas. Pedimos, por favor, que respeite os nossos direitos de autor e propriedade intelectual e que n\u00e3o pratique atividades ilegais no nosso site. Por \u00faltimo, todo o conte\u00fado incr\u00edvel que ir\u00e1 encontrar no site \u00e9 de nossa propriedade e n\u00e3o pode ser reproduzido nem distribu\u00eddo sem a nossa permiss\u00e3o. Estamos sempre \u00e0 procura de maneiras de melhorar\u2026<\/p>","protected":false},"author":1,"featured_media":0,"parent":0,"menu_order":0,"comment_status":"closed","ping_status":"closed","template":"elementor_header_footer","meta":{"_monsterinsights_skip_tracking":false,"_monsterinsights_sitenote_active":false,"_monsterinsights_sitenote_note":"","_monsterinsights_sitenote_category":0},"blocksy_meta":"","acf":[],"aioseo_notices":[],"_links":{"self":[{"href":"https:\/\/appv.online.pt\/en\/wp-json\/wp\/v2\/pages\/390"}],"collection":[{"href":"https:\/\/appv.online.pt\/en\/wp-json\/wp\/v2\/pages"}],"about":[{"href":"https:\/\/appv.online.pt\/en\/wp-json\/wp\/v2\/types\/page"}],"author":[{"embeddable":true,"href":"https:\/\/appv.online.pt\/en\/wp-json\/wp\/v2\/users\/1"}],"replies":[{"embeddable":true,"href":"https:\/\/appv.online.pt\/en\/wp-json\/wp\/v2\/comments?post=390"}],"version-history":[{"count":23,"href":"https:\/\/appv.online.pt\/en\/wp-json\/wp\/v2\/pages\/390\/revisions"}],"predecessor-version":[{"id":1970,"href":"https:\/\/appv.online.pt\/en\/wp-json\/wp\/v2\/pages\/390\/revisions\/1970"}],"wp:attachment":[{"href":"https:\/\/appv.online.pt\/en\/wp-json\/wp\/v2\/media?parent=390"}],"curies":[{"name":"wp","href":"https:\/\/api.w.org\/{rel}","templated":true}]}}