{"id":391,"date":"2023-06-10T07:25:12","date_gmt":"2023-06-10T07:25:12","guid":{"rendered":"https:\/\/appvillage.azurewebsites.net\/?page_id=391"},"modified":"2023-08-09T10:31:19","modified_gmt":"2023-08-09T09:31:19","slug":"terms-of-use","status":"publish","type":"page","link":"https:\/\/appv.online.pt\/en\/terms-of-use\/","title":{"rendered":"Terms of Use"},"content":{"rendered":"<div data-elementor-type=\"wp-page\" data-elementor-id=\"391\" class=\"elementor elementor-391\" data-elementor-post-type=\"page\">\n\t\t\t\t<div class=\"elementor-element elementor-element-0843188 e-flex e-con-boxed e-con e-parent\" data-id=\"0843188\" data-element_type=\"container\" data-settings=\"{&quot;background_background&quot;:&quot;gradient&quot;,&quot;shape_divider_bottom&quot;:&quot;mountains&quot;}\">\n\t\t\t\t\t<div class=\"e-con-inner\">\n\t\t\t\t<div class=\"elementor-shape elementor-shape-bottom\" data-negative=\"false\">\n\t\t\t<svg xmlns=\"http:\/\/www.w3.org\/2000\/svg\" viewbox=\"0 0 1000 100\" preserveaspectratio=\"none\">\n\t<path class=\"elementor-shape-fill\" opacity=\"0.33\" d=\"M473,67.3c-203.9,88.3-263.1-34-320.3,0C66,119.1,0,59.7,0,59.7V0h1000v59.7 c0,0-62.1,26.1-94.9,29.3c-32.8,3.3-62.8-12.3-75.8-22.1C806,49.6,745.3,8.7,694.9,4.7S492.4,59,473,67.3z\"\/>\n\t<path class=\"elementor-shape-fill\" opacity=\"0.66\" d=\"M734,67.3c-45.5,0-77.2-23.2-129.1-39.1c-28.6-8.7-150.3-10.1-254,39.1 s-91.7-34.4-149.2,0C115.7,118.3,0,39.8,0,39.8V0h1000v36.5c0,0-28.2-18.5-92.1-18.5C810.2,18.1,775.7,67.3,734,67.3z\"\/>\n\t<path class=\"elementor-shape-fill\" d=\"M766.1,28.9c-200-57.5-266,65.5-395.1,19.5C242,1.8,242,5.4,184.8,20.6C128,35.8,132.3,44.9,89.9,52.5C28.6,63.7,0,0,0,0 h1000c0,0-9.9,40.9-83.6,48.1S829.6,47,766.1,28.9z\"\/>\n<\/svg>\t\t<\/div>\n\t\t\t\t\t<\/div>\n\t\t\t\t<\/div>\n\t\t<div class=\"elementor-element elementor-element-5604fec e-flex e-con-boxed e-con e-parent\" data-id=\"5604fec\" data-element_type=\"container\">\n\t\t\t\t\t<div class=\"e-con-inner\">\n\t\t\t\t<div class=\"elementor-element elementor-element-2a5f05f elementor-widget elementor-widget-heading\" data-id=\"2a5f05f\" data-element_type=\"widget\" data-widget_type=\"heading.default\">\n\t\t\t\t<div class=\"elementor-widget-container\">\n\t\t\t<style>\/*! elementor - v3.23.0 - 05-08-2024 *\/\n.elementor-heading-title{padding:0;margin:0;line-height:1}.elementor-widget-heading .elementor-heading-title[class*=elementor-size-]>a{color:inherit;font-size:inherit;line-height:inherit}.elementor-widget-heading .elementor-heading-title.elementor-size-small{font-size:15px}.elementor-widget-heading .elementor-heading-title.elementor-size-medium{font-size:19px}.elementor-widget-heading .elementor-heading-title.elementor-size-large{font-size:29px}.elementor-widget-heading .elementor-heading-title.elementor-size-xl{font-size:39px}.elementor-widget-heading .elementor-heading-title.elementor-size-xxl{font-size:59px}<\/style><h2 class=\"elementor-heading-title elementor-size-default\">Terms of Use<\/h2>\t\t<\/div>\n\t\t\t\t<\/div>\n\t\t\t\t\t<\/div>\n\t\t\t\t<\/div>\n\t\t<div class=\"elementor-element elementor-element-505011f e-flex e-con-boxed e-con e-parent\" data-id=\"505011f\" data-element_type=\"container\">\n\t\t\t\t\t<div class=\"e-con-inner\">\n\t\t\t\t<div class=\"elementor-element elementor-element-e56aaf4 elementor-widget elementor-widget-text-editor\" data-id=\"e56aaf4\" data-element_type=\"widget\" data-widget_type=\"text-editor.default\">\n\t\t\t\t<div class=\"elementor-widget-container\">\n\t\t\t<style>\/*! elementor - v3.23.0 - 05-08-2024 *\/\n.elementor-widget-text-editor.elementor-drop-cap-view-stacked .elementor-drop-cap{background-color:#69727d;color:#fff}.elementor-widget-text-editor.elementor-drop-cap-view-framed .elementor-drop-cap{color:#69727d;border:3px solid;background-color:transparent}.elementor-widget-text-editor:not(.elementor-drop-cap-view-default) .elementor-drop-cap{margin-top:8px}.elementor-widget-text-editor:not(.elementor-drop-cap-view-default) .elementor-drop-cap-letter{width:1em;height:1em}.elementor-widget-text-editor .elementor-drop-cap{float:left;text-align:center;line-height:1;font-size:50px}.elementor-widget-text-editor .elementor-drop-cap-letter{display:inline-block}<\/style>\t\t\t\t<p>Welcome to our website. By using this site, you are agreeing to these terms of use. If you do not agree with these terms, please do not use our website.<\/p><p><strong>1. Website Content<\/strong><br \/>All content on this website is for informational purposes only. We do not guarantee that the content is accurate or complete, nor are we responsible for any loss or damage resulting from the use of this website.<\/p><p><strong>2. Intellectual Property<\/strong><br \/>All content on this website is the property of the company and is protected by copyright laws. You may not copy, reproduce or redistribute any part of this website without our written permission.<\/p><p><strong>3. Use of the website<\/strong><br \/>Use of this website is restricted to personal, non-commercial purposes. It is not allowed to use the website for any illegal or fraudulent purpose.<\/p><p><strong>4. Links to other websites<\/strong><br \/>This website may contain links to other websites operated by third parties. We are not responsible for the content or privacy policies of these sites.<\/p><p><strong>5. Modifications to the terms of use<\/strong><br \/>We reserve the right to modify these terms of use at any time. It is your responsibility to periodically review these terms to be aware of any changes.<\/p>\t\t\t\t\t\t<\/div>\n\t\t\t\t<\/div>\n\t\t\t\t\t<\/div>\n\t\t\t\t<\/div>\n\t\t\t\t<\/div>","protected":false},"excerpt":{"rendered":"<p>Termos de Uso Bem-vindo(a) ao nosso site. Ao utilizar este site, est\u00e1 a concordar com estes termos de uso. Se n\u00e3o concordar com estes termos, por favor n\u00e3o utilize o nosso site. 1. Conte\u00fado do siteTodo o conte\u00fado deste site \u00e9 apenas para fins informativos. N\u00e3o garantimos que o conte\u00fado seja preciso ou completo, nem nos responsabilizamos por quaisquer perdas ou danos resultantes do uso deste site. 2. Propriedade IntelectualTodo o conte\u00fado deste site \u00e9 de propriedade da empresa e est\u00e1 protegido por leis de direitos autorais. N\u00e3o \u00e9 permitido copiar, reproduzir ou redistribuir qualquer parte deste site sem nossa\u2026<\/p>","protected":false},"author":1,"featured_media":0,"parent":0,"menu_order":0,"comment_status":"closed","ping_status":"closed","template":"elementor_header_footer","meta":{"_monsterinsights_skip_tracking":false,"_monsterinsights_sitenote_active":false,"_monsterinsights_sitenote_note":"","_monsterinsights_sitenote_category":0},"blocksy_meta":"","acf":[],"aioseo_notices":[],"_links":{"self":[{"href":"https:\/\/appv.online.pt\/en\/wp-json\/wp\/v2\/pages\/391"}],"collection":[{"href":"https:\/\/appv.online.pt\/en\/wp-json\/wp\/v2\/pages"}],"about":[{"href":"https:\/\/appv.online.pt\/en\/wp-json\/wp\/v2\/types\/page"}],"author":[{"embeddable":true,"href":"https:\/\/appv.online.pt\/en\/wp-json\/wp\/v2\/users\/1"}],"replies":[{"embeddable":true,"href":"https:\/\/appv.online.pt\/en\/wp-json\/wp\/v2\/comments?post=391"}],"version-history":[{"count":25,"href":"https:\/\/appv.online.pt\/en\/wp-json\/wp\/v2\/pages\/391\/revisions"}],"predecessor-version":[{"id":1120,"href":"https:\/\/appv.online.pt\/en\/wp-json\/wp\/v2\/pages\/391\/revisions\/1120"}],"wp:attachment":[{"href":"https:\/\/appv.online.pt\/en\/wp-json\/wp\/v2\/media?parent=391"}],"curies":[{"name":"wp","href":"https:\/\/api.w.org\/{rel}","templated":true}]}}